{"id":160548,"date":"2026-03-04T07:43:33","date_gmt":"2026-03-04T12:43:33","guid":{"rendered":"https:\/\/revalizesoftware.com\/new-pro-file\/produkt-ankundigungen\/"},"modified":"2026-03-04T07:47:01","modified_gmt":"2026-03-04T12:47:01","slug":"produkt-ankundigungen","status":"publish","type":"page","link":"https:\/\/pro-file.com\/de\/produkt-ankundigungen\/","title":{"rendered":"Produkank\u00fcndigungen"},"content":{"rendered":"\t\t<div data-elementor-type=\"wp-page\" data-elementor-id=\"160548\" class=\"elementor elementor-160548 elementor-160540\" data-elementor-post-type=\"page\">\n\t\t\t\t<div class=\"elementor-element elementor-element-ea50082 e-flex e-con-boxed e-con e-parent\" data-id=\"ea50082\" data-element_type=\"container\" data-e-type=\"container\" data-settings=\"{&quot;background_background&quot;:&quot;classic&quot;}\">\n\t\t\t\t\t<div class=\"e-con-inner\">\n\t\t<div class=\"elementor-element elementor-element-44a933b e-flex e-con-boxed e-con e-child\" data-id=\"44a933b\" data-element_type=\"container\" data-e-type=\"container\" data-settings=\"{&quot;background_background&quot;:&quot;classic&quot;}\">\n\t\t\t\t\t<div class=\"e-con-inner\">\n\t\t\t\t<div class=\"elementor-element elementor-element-b572f65 elementor-widget elementor-widget-heading\" data-id=\"b572f65\" data-element_type=\"widget\" data-e-type=\"widget\" data-widget_type=\"heading.default\">\n\t\t\t\t<div class=\"elementor-widget-container\">\n\t\t\t\t\t<h1 class=\"elementor-heading-title elementor-size-default\">Produkank\u00fcndigungen<\/h1>\t\t\t\t<\/div>\n\t\t\t\t<\/div>\n\t\t\t\t<div class=\"elementor-element elementor-element-8a205d4 elementor-widget elementor-widget-text-editor\" data-id=\"8a205d4\" data-element_type=\"widget\" data-e-type=\"widget\" data-widget_type=\"text-editor.default\">\n\t\t\t\t<div class=\"elementor-widget-container\">\n\t\t\t\t\t\t\t\t\tInformieren Sie sich \u00fcber unsere neuesten Produktentwicklungen. Entdecken Sie neue Funktionen und Verbesserungen, von denen Ihr Unternehmen profitieren kann. \t\t\t\t\t\t\t\t<\/div>\n\t\t\t\t<\/div>\n\t\t\t\t\t<\/div>\n\t\t\t\t<\/div>\n\t\t\t\t\t<\/div>\n\t\t\t\t<\/div>\n\t\t<div class=\"elementor-element elementor-element-773cb50 e-flex e-con-boxed e-con e-parent\" data-id=\"773cb50\" data-element_type=\"container\" data-e-type=\"container\">\n\t\t\t\t\t<div class=\"e-con-inner\">\n\t\t\t\t<div class=\"elementor-element elementor-element-e1903d7 elementor-grid-1 elementor-grid-tablet-2 elementor-grid-mobile-1 elementor-widget elementor-widget-loop-grid\" data-id=\"e1903d7\" data-element_type=\"widget\" data-e-type=\"widget\" data-settings=\"{&quot;template_id&quot;:146834,&quot;columns&quot;:1,&quot;_skin&quot;:&quot;post&quot;,&quot;columns_tablet&quot;:&quot;2&quot;,&quot;columns_mobile&quot;:&quot;1&quot;,&quot;edit_handle_selector&quot;:&quot;[data-elementor-type=\\&quot;loop-item\\&quot;]&quot;,&quot;row_gap&quot;:{&quot;unit&quot;:&quot;px&quot;,&quot;size&quot;:&quot;&quot;,&quot;sizes&quot;:[]},&quot;row_gap_tablet&quot;:{&quot;unit&quot;:&quot;px&quot;,&quot;size&quot;:&quot;&quot;,&quot;sizes&quot;:[]},&quot;row_gap_mobile&quot;:{&quot;unit&quot;:&quot;px&quot;,&quot;size&quot;:&quot;&quot;,&quot;sizes&quot;:[]}}\" data-widget_type=\"loop-grid.post\">\n\t\t\t\t<div class=\"elementor-widget-container\">\n\t\t\t\t\t\t\t<div class=\"elementor-loop-container elementor-grid\" role=\"list\">\n\t\t<style id=\"loop-146834\">.elementor-146834 .elementor-element.elementor-element-b15dd8a{--display:flex;--flex-direction:row;--container-widget-width:calc( ( 1 - var( --container-widget-flex-grow ) ) * 100% );--container-widget-height:100%;--container-widget-flex-grow:1;--container-widget-align-self:stretch;--flex-wrap-mobile:wrap;--align-items:center;--gap:0px 0px;--row-gap:0px;--column-gap:0px;--border-radius:8px 8px 8px 8px;--padding-top:30px;--padding-bottom:30px;--padding-left:30px;--padding-right:30px;}.elementor-146834 .elementor-element.elementor-element-b15dd8a:not(.elementor-motion-effects-element-type-background), .elementor-146834 .elementor-element.elementor-element-b15dd8a > .elementor-motion-effects-container > .elementor-motion-effects-layer{background-color:var( --e-global-color-741534b );}.elementor-146834 .elementor-element.elementor-element-3f3f3c0{--display:flex;--flex-direction:column;--container-widget-width:100%;--container-widget-height:initial;--container-widget-flex-grow:0;--container-widget-align-self:initial;--flex-wrap-mobile:wrap;}.elementor-146834 .elementor-element.elementor-element-3891b56 img{border-radius:8px 8px 8px 8px;}.elementor-146834 .elementor-element.elementor-element-3891b56 > .elementor-widget-container{padding:20px 0px 20px 0px;}.elementor-146834 .elementor-element.elementor-element-39f2d67{--display:flex;--min-height:300px;--flex-direction:column;--container-widget-width:100%;--container-widget-height:initial;--container-widget-flex-grow:0;--container-widget-align-self:initial;--flex-wrap-mobile:wrap;--border-radius:8px 8px 8px 8px;box-shadow:0px 0px 10px 0px rgba(0,0,0,0.5);--margin-top:0px;--margin-bottom:0px;--margin-left:-50px;--margin-right:0px;--padding-top:20px;--padding-bottom:20px;--padding-left:20px;--padding-right:20px;}.elementor-146834 .elementor-element.elementor-element-39f2d67:not(.elementor-motion-effects-element-type-background), .elementor-146834 .elementor-element.elementor-element-39f2d67 > .elementor-motion-effects-container > .elementor-motion-effects-layer{background-color:var( --e-global-color-004144c );}.elementor-146834 .elementor-element.elementor-element-7a4518f .elementor-heading-title{font-family:var( --e-global-typography-80ebef0-font-family ), Arial;font-size:var( --e-global-typography-80ebef0-font-size );font-weight:var( --e-global-typography-80ebef0-font-weight );line-height:var( --e-global-typography-80ebef0-line-height );letter-spacing:var( --e-global-typography-80ebef0-letter-spacing );word-spacing:var( --e-global-typography-80ebef0-word-spacing );}.elementor-146834 .elementor-element.elementor-element-8f604d4 > .elementor-widget-container{margin:20px 0px 20px 0px;}@media(min-width:768px){.elementor-146834 .elementor-element.elementor-element-3f3f3c0{--width:50%;}.elementor-146834 .elementor-element.elementor-element-39f2d67{--width:50%;}}@media(max-width:1024px){.elementor-146834 .elementor-element.elementor-element-39f2d67{--margin-top:0px;--margin-bottom:0px;--margin-left:0px;--margin-right:0px;}.elementor-146834 .elementor-element.elementor-element-7a4518f .elementor-heading-title{font-size:var( --e-global-typography-80ebef0-font-size );line-height:var( --e-global-typography-80ebef0-line-height );letter-spacing:var( --e-global-typography-80ebef0-letter-spacing );word-spacing:var( --e-global-typography-80ebef0-word-spacing );}}@media(max-width:767px){.elementor-146834 .elementor-element.elementor-element-7a4518f .elementor-heading-title{font-size:var( --e-global-typography-80ebef0-font-size );line-height:var( --e-global-typography-80ebef0-line-height );letter-spacing:var( --e-global-typography-80ebef0-letter-spacing );word-spacing:var( --e-global-typography-80ebef0-word-spacing );}}<\/style>\t\t<div data-elementor-type=\"loop-item\" data-elementor-id=\"146834\" class=\"elementor elementor-146834 elementor-66784 elementor-66784 e-loop-item e-loop-item-161509 post-161509 post type-post status-publish format-standard has-post-thumbnail hentry category-produkankundigungen\" data-elementor-post-type=\"elementor_library\" data-custom-edit-handle=\"1\">\n\t\t\t<div class=\"elementor-element elementor-element-b15dd8a e-con-full e-flex e-con e-parent\" data-id=\"b15dd8a\" data-element_type=\"container\" data-e-type=\"container\" data-settings=\"{&quot;background_background&quot;:&quot;classic&quot;}\">\n\t\t<div class=\"elementor-element elementor-element-3f3f3c0 e-con-full e-flex e-con e-child\" data-id=\"3f3f3c0\" data-element_type=\"container\" data-e-type=\"container\">\n\t\t\t\t<div class=\"elementor-element elementor-element-3891b56 elementor-widget elementor-widget-image\" data-id=\"3891b56\" data-element_type=\"widget\" data-e-type=\"widget\" data-widget_type=\"image.default\">\n\t\t\t\t<div class=\"elementor-widget-container\">\n\t\t\t\t\t\t\t\t\t\t\t\t\t\t\t<img fetchpriority=\"high\" decoding=\"async\" width=\"700\" height=\"400\" src=\"https:\/\/pro-file.com\/wp-content\/uploads\/sites\/16\/2026\/03\/pro-file-prod-ann.png\" class=\"attachment-full size-full wp-image-160537\" alt=\"Logo mit dem Wort Quote neben einer stilisierten Uhr und dem Text von Revalize mit dem Revalize-Logo darunter.\" srcset=\"https:\/\/pro-file.com\/wp-content\/uploads\/sites\/16\/2026\/03\/pro-file-prod-ann.png 700w, https:\/\/pro-file.com\/wp-content\/uploads\/sites\/16\/2026\/03\/pro-file-prod-ann-300x171.png 300w\" sizes=\"(max-width: 700px) 100vw, 700px\" \/>\t\t\t\t\t\t\t\t\t\t\t\t\t\t\t<\/div>\n\t\t\t\t<\/div>\n\t\t\t\t<\/div>\n\t\t<div class=\"elementor-element elementor-element-39f2d67 e-con-full e-flex e-con e-child\" data-id=\"39f2d67\" data-element_type=\"container\" data-e-type=\"container\" data-settings=\"{&quot;background_background&quot;:&quot;classic&quot;}\">\n\t\t\t\t<div class=\"elementor-element elementor-element-7a4518f elementor-widget elementor-widget-heading\" data-id=\"7a4518f\" data-element_type=\"widget\" data-e-type=\"widget\" data-widget_type=\"heading.default\">\n\t\t\t\t<div class=\"elementor-widget-container\">\n\t\t\t\t\t<h2 class=\"elementor-heading-title elementor-size-default\">Neu ECM Modul<\/h2>\t\t\t\t<\/div>\n\t\t\t\t<\/div>\n\t\t\t\t<div class=\"elementor-element elementor-element-5710782 elementor-widget elementor-widget-text-editor\" data-id=\"5710782\" data-element_type=\"widget\" data-e-type=\"widget\" id=\"excerpt\" data-widget_type=\"text-editor.default\">\n\t\t\t\t<div class=\"elementor-widget-container\">\n\t\t\t\t\t\t\t\t\tPRO.FILE ECM unterst\u00fctzt strukturierte Konstruktions\u00e4nderungen \u2013 von der Anfrage bis zur Freigabe.\t\t\t\t\t\t\t\t<\/div>\n\t\t\t\t<\/div>\n\t\t\t\t<div class=\"elementor-element elementor-element-8f604d4 elementor-widget elementor-widget-button\" data-id=\"8f604d4\" data-element_type=\"widget\" data-e-type=\"widget\" data-widget_type=\"button.default\">\n\t\t\t\t<div class=\"elementor-widget-container\">\n\t\t\t\t\t\t\t\t\t<div class=\"elementor-button-wrapper\">\n\t\t\t\t\t<a class=\"elementor-button elementor-button-link elementor-size-sm\" href=\"https:\/\/pro-file.com\/de\/produkankundigungen\/ecm\/\">\n\t\t\t\t\t\t<span class=\"elementor-button-content-wrapper\">\n\t\t\t\t\t\t\t\t\t<span class=\"elementor-button-text\">Mehr lesen<\/span>\n\t\t\t\t\t<\/span>\n\t\t\t\t\t<\/a>\n\t\t\t\t<\/div>\n\t\t\t\t\t\t\t\t<\/div>\n\t\t\t\t<\/div>\n\t\t\t\t<\/div>\n\t\t\t\t<\/div>\n\t\t\t\t<\/div>\n\t\t\t\t<div data-elementor-type=\"loop-item\" data-elementor-id=\"146834\" class=\"elementor elementor-146834 elementor-66784 elementor-66784 e-loop-item e-loop-item-160538 post-160538 post type-post status-publish format-standard has-post-thumbnail hentry category-produkankundigungen\" data-elementor-post-type=\"elementor_library\" data-custom-edit-handle=\"1\">\n\t\t\t<div class=\"elementor-element elementor-element-b15dd8a e-con-full e-flex e-con e-parent\" data-id=\"b15dd8a\" data-element_type=\"container\" data-e-type=\"container\" data-settings=\"{&quot;background_background&quot;:&quot;classic&quot;}\">\n\t\t<div class=\"elementor-element elementor-element-3f3f3c0 e-con-full e-flex e-con e-child\" data-id=\"3f3f3c0\" data-element_type=\"container\" data-e-type=\"container\">\n\t\t\t\t<div class=\"elementor-element elementor-element-3891b56 elementor-widget elementor-widget-image\" data-id=\"3891b56\" data-element_type=\"widget\" data-e-type=\"widget\" data-widget_type=\"image.default\">\n\t\t\t\t<div class=\"elementor-widget-container\">\n\t\t\t\t\t\t\t\t\t\t\t\t\t\t\t<img fetchpriority=\"high\" decoding=\"async\" width=\"700\" height=\"400\" src=\"https:\/\/pro-file.com\/wp-content\/uploads\/sites\/16\/2026\/03\/pro-file-prod-ann.png\" class=\"attachment-full size-full wp-image-160537\" alt=\"Logo mit dem Wort Quote neben einer stilisierten Uhr und dem Text von Revalize mit dem Revalize-Logo darunter.\" srcset=\"https:\/\/pro-file.com\/wp-content\/uploads\/sites\/16\/2026\/03\/pro-file-prod-ann.png 700w, https:\/\/pro-file.com\/wp-content\/uploads\/sites\/16\/2026\/03\/pro-file-prod-ann-300x171.png 300w\" sizes=\"(max-width: 700px) 100vw, 700px\" \/>\t\t\t\t\t\t\t\t\t\t\t\t\t\t\t<\/div>\n\t\t\t\t<\/div>\n\t\t\t\t<\/div>\n\t\t<div class=\"elementor-element elementor-element-39f2d67 e-con-full e-flex e-con e-child\" data-id=\"39f2d67\" data-element_type=\"container\" data-e-type=\"container\" data-settings=\"{&quot;background_background&quot;:&quot;classic&quot;}\">\n\t\t\t\t<div class=\"elementor-element elementor-element-7a4518f elementor-widget elementor-widget-heading\" data-id=\"7a4518f\" data-element_type=\"widget\" data-e-type=\"widget\" data-widget_type=\"heading.default\">\n\t\t\t\t<div class=\"elementor-widget-container\">\n\t\t\t\t\t<h2 class=\"elementor-heading-title elementor-size-default\">PRO.FILE Update: Performance, Sicherheit &amp; Integration<\/h2>\t\t\t\t<\/div>\n\t\t\t\t<\/div>\n\t\t\t\t<div class=\"elementor-element elementor-element-5710782 elementor-widget elementor-widget-text-editor\" data-id=\"5710782\" data-element_type=\"widget\" data-e-type=\"widget\" id=\"excerpt\" data-widget_type=\"text-editor.default\">\n\t\t\t\t<div class=\"elementor-widget-container\">\n\t\t\t\t\t\t\t\t\tPRO.FILE Update bietet schnellere Suche, mehr Sicherheit und moderne ERP-Integration.\t\t\t\t\t\t\t\t<\/div>\n\t\t\t\t<\/div>\n\t\t\t\t<div class=\"elementor-element elementor-element-8f604d4 elementor-widget elementor-widget-button\" data-id=\"8f604d4\" data-element_type=\"widget\" data-e-type=\"widget\" data-widget_type=\"button.default\">\n\t\t\t\t<div class=\"elementor-widget-container\">\n\t\t\t\t\t\t\t\t\t<div class=\"elementor-button-wrapper\">\n\t\t\t\t\t<a class=\"elementor-button elementor-button-link elementor-size-sm\" href=\"https:\/\/pro-file.com\/de\/produkankundigungen\/pro-file-v10-5\/\">\n\t\t\t\t\t\t<span class=\"elementor-button-content-wrapper\">\n\t\t\t\t\t\t\t\t\t<span class=\"elementor-button-text\">Mehr lesen<\/span>\n\t\t\t\t\t<\/span>\n\t\t\t\t\t<\/a>\n\t\t\t\t<\/div>\n\t\t\t\t\t\t\t\t<\/div>\n\t\t\t\t<\/div>\n\t\t\t\t<\/div>\n\t\t\t\t<\/div>\n\t\t\t\t<\/div>\n\t\t\t\t<\/div>\n\t\t\n\t\t\t\t\t\t<\/div>\n\t\t\t\t<\/div>\n\t\t\t\t\t<\/div>\n\t\t\t\t<\/div>\n\t\t\t\t<\/div>\n\t\t","protected":false},"excerpt":{"rendered":"<p>Produkank\u00fcndigungen Informieren Sie sich \u00fcber unsere neuesten Produktentwicklungen. Entdecken Sie neue Funktionen und Verbesserungen, von denen Ihr Unternehmen profitieren kann.<\/p>\n","protected":false},"author":12,"featured_media":0,"parent":0,"menu_order":0,"comment_status":"closed","ping_status":"closed","template":"","meta":{"content-type":"","footnotes":""},"class_list":["post-160548","page","type-page","status-publish","hentry"],"yoast_head":"<!-- This site is optimized with the Yoast SEO Premium plugin v27.4 (Yoast SEO v27.4) - https:\/\/yoast.com\/product\/yoast-seo-premium-wordpress\/ -->\n<title>Produktank\u00fcndigungen und neue Funktionen | PRO.FILE<\/title>\n<meta name=\"description\" content=\"Bleiben Sie auf dem Laufenden \u00fcber unsere neuesten Produktank\u00fcndigungen. Finden Sie heraus, welche neuen Funktionen und Verbesserungen wir f\u00fcr Sie auf Lager haben.\" \/>\n<meta name=\"robots\" content=\"index, follow, max-snippet:-1, max-image-preview:large, max-video-preview:-1\" \/>\n<link rel=\"canonical\" href=\"https:\/\/pro-file.com\/de\/produkt-ankundigungen\/\" \/>\n<meta property=\"og:locale\" content=\"de_DE\" \/>\n<meta property=\"og:type\" content=\"article\" \/>\n<meta property=\"og:title\" content=\"Produkank\u00fcndigungen\" \/>\n<meta property=\"og:description\" content=\"Bleiben Sie auf dem Laufenden \u00fcber unsere neuesten Produktank\u00fcndigungen. Finden Sie heraus, welche neuen Funktionen und Verbesserungen wir f\u00fcr Sie auf Lager haben.\" \/>\n<meta property=\"og:url\" content=\"https:\/\/pro-file.com\/de\/produkt-ankundigungen\/\" \/>\n<meta property=\"og:site_name\" content=\"PRO.FILE\" \/>\n<meta property=\"article:publisher\" content=\"https:\/\/www.facebook.com\/revalize\/\" \/>\n<meta property=\"article:modified_time\" content=\"2026-03-04T12:47:01+00:00\" \/>\n<meta name=\"twitter:card\" content=\"summary_large_image\" \/>\n<meta name=\"twitter:site\" content=\"@revalize\" \/>\n<script type=\"application\/ld+json\" class=\"yoast-schema-graph\">{\"@context\":\"https:\\\/\\\/schema.org\",\"@graph\":[{\"@type\":\"WebPage\",\"@id\":\"https:\\\/\\\/pro-file.com\\\/de\\\/produkt-ankundigungen\\\/\",\"url\":\"https:\\\/\\\/pro-file.com\\\/de\\\/produkt-ankundigungen\\\/\",\"name\":\"Produktank\u00fcndigungen und neue Funktionen | PRO.FILE\",\"isPartOf\":{\"@id\":\"https:\\\/\\\/pro-file.com\\\/de\\\/#website\"},\"datePublished\":\"2026-03-04T12:43:33+00:00\",\"dateModified\":\"2026-03-04T12:47:01+00:00\",\"description\":\"Bleiben Sie auf dem Laufenden \u00fcber unsere neuesten Produktank\u00fcndigungen. Finden Sie heraus, welche neuen Funktionen und Verbesserungen wir f\u00fcr Sie auf Lager haben.\",\"breadcrumb\":{\"@id\":\"https:\\\/\\\/pro-file.com\\\/de\\\/produkt-ankundigungen\\\/#breadcrumb\"},\"inLanguage\":\"de\",\"potentialAction\":[{\"@type\":\"ReadAction\",\"target\":[\"https:\\\/\\\/pro-file.com\\\/de\\\/produkt-ankundigungen\\\/\"]}]},{\"@type\":\"BreadcrumbList\",\"@id\":\"https:\\\/\\\/pro-file.com\\\/de\\\/produkt-ankundigungen\\\/#breadcrumb\",\"itemListElement\":[{\"@type\":\"ListItem\",\"position\":1,\"name\":\"Home\",\"item\":\"https:\\\/\\\/pro-file.com\\\/de\\\/pro-file\\\/\"},{\"@type\":\"ListItem\",\"position\":2,\"name\":\"Produkank\u00fcndigungen\"}]},{\"@type\":\"WebSite\",\"@id\":\"https:\\\/\\\/pro-file.com\\\/de\\\/#website\",\"url\":\"https:\\\/\\\/pro-file.com\\\/de\\\/\",\"name\":\"Revalize\",\"description\":\"Great Starts with Revalize\",\"publisher\":{\"@id\":\"https:\\\/\\\/pro-file.com\\\/de\\\/#organization\"},\"potentialAction\":[{\"@type\":\"SearchAction\",\"target\":{\"@type\":\"EntryPoint\",\"urlTemplate\":\"https:\\\/\\\/pro-file.com\\\/de\\\/?s={search_term_string}\"},\"query-input\":{\"@type\":\"PropertyValueSpecification\",\"valueRequired\":true,\"valueName\":\"search_term_string\"}}],\"inLanguage\":\"de\"},{\"@type\":\"Organization\",\"@id\":\"https:\\\/\\\/pro-file.com\\\/de\\\/#organization\",\"name\":\"Revalize\",\"url\":\"https:\\\/\\\/pro-file.com\\\/de\\\/\",\"logo\":{\"@type\":\"ImageObject\",\"inLanguage\":\"de\",\"@id\":\"https:\\\/\\\/pro-file.com\\\/de\\\/#\\\/schema\\\/logo\\\/image\\\/\",\"url\":\"https:\\\/\\\/pro-file.com\\\/wp-content\\\/uploads\\\/sites\\\/16\\\/2026\\\/03\\\/PRO.FILE-From-Revalize-logo.png\",\"contentUrl\":\"https:\\\/\\\/pro-file.com\\\/wp-content\\\/uploads\\\/sites\\\/16\\\/2026\\\/03\\\/PRO.FILE-From-Revalize-logo.png\",\"width\":640,\"height\":230,\"caption\":\"Revalize\"},\"image\":{\"@id\":\"https:\\\/\\\/pro-file.com\\\/de\\\/#\\\/schema\\\/logo\\\/image\\\/\"},\"sameAs\":[\"https:\\\/\\\/www.facebook.com\\\/revalize\\\/\",\"https:\\\/\\\/x.com\\\/revalize\",\"https:\\\/\\\/www.linkedin.com\\\/company\\\/revalize\\\/\"]}]}<\/script>\n<!-- \/ Yoast SEO Premium plugin. -->","yoast_head_json":{"title":"Produktank\u00fcndigungen und neue Funktionen | PRO.FILE","description":"Bleiben Sie auf dem Laufenden \u00fcber unsere neuesten Produktank\u00fcndigungen. Finden Sie heraus, welche neuen Funktionen und Verbesserungen wir f\u00fcr Sie auf Lager haben.","robots":{"index":"index","follow":"follow","max-snippet":"max-snippet:-1","max-image-preview":"max-image-preview:large","max-video-preview":"max-video-preview:-1"},"canonical":"https:\/\/pro-file.com\/de\/produkt-ankundigungen\/","og_locale":"de_DE","og_type":"article","og_title":"Produkank\u00fcndigungen","og_description":"Bleiben Sie auf dem Laufenden \u00fcber unsere neuesten Produktank\u00fcndigungen. Finden Sie heraus, welche neuen Funktionen und Verbesserungen wir f\u00fcr Sie auf Lager haben.","og_url":"https:\/\/pro-file.com\/de\/produkt-ankundigungen\/","og_site_name":"PRO.FILE","article_publisher":"https:\/\/www.facebook.com\/revalize\/","article_modified_time":"2026-03-04T12:47:01+00:00","twitter_card":"summary_large_image","twitter_site":"@revalize","schema":{"@context":"https:\/\/schema.org","@graph":[{"@type":"WebPage","@id":"https:\/\/pro-file.com\/de\/produkt-ankundigungen\/","url":"https:\/\/pro-file.com\/de\/produkt-ankundigungen\/","name":"Produktank\u00fcndigungen und neue Funktionen | PRO.FILE","isPartOf":{"@id":"https:\/\/pro-file.com\/de\/#website"},"datePublished":"2026-03-04T12:43:33+00:00","dateModified":"2026-03-04T12:47:01+00:00","description":"Bleiben Sie auf dem Laufenden \u00fcber unsere neuesten Produktank\u00fcndigungen. Finden Sie heraus, welche neuen Funktionen und Verbesserungen wir f\u00fcr Sie auf Lager haben.","breadcrumb":{"@id":"https:\/\/pro-file.com\/de\/produkt-ankundigungen\/#breadcrumb"},"inLanguage":"de","potentialAction":[{"@type":"ReadAction","target":["https:\/\/pro-file.com\/de\/produkt-ankundigungen\/"]}]},{"@type":"BreadcrumbList","@id":"https:\/\/pro-file.com\/de\/produkt-ankundigungen\/#breadcrumb","itemListElement":[{"@type":"ListItem","position":1,"name":"Home","item":"https:\/\/pro-file.com\/de\/pro-file\/"},{"@type":"ListItem","position":2,"name":"Produkank\u00fcndigungen"}]},{"@type":"WebSite","@id":"https:\/\/pro-file.com\/de\/#website","url":"https:\/\/pro-file.com\/de\/","name":"Revalize","description":"Great Starts with Revalize","publisher":{"@id":"https:\/\/pro-file.com\/de\/#organization"},"potentialAction":[{"@type":"SearchAction","target":{"@type":"EntryPoint","urlTemplate":"https:\/\/pro-file.com\/de\/?s={search_term_string}"},"query-input":{"@type":"PropertyValueSpecification","valueRequired":true,"valueName":"search_term_string"}}],"inLanguage":"de"},{"@type":"Organization","@id":"https:\/\/pro-file.com\/de\/#organization","name":"Revalize","url":"https:\/\/pro-file.com\/de\/","logo":{"@type":"ImageObject","inLanguage":"de","@id":"https:\/\/pro-file.com\/de\/#\/schema\/logo\/image\/","url":"https:\/\/pro-file.com\/wp-content\/uploads\/sites\/16\/2026\/03\/PRO.FILE-From-Revalize-logo.png","contentUrl":"https:\/\/pro-file.com\/wp-content\/uploads\/sites\/16\/2026\/03\/PRO.FILE-From-Revalize-logo.png","width":640,"height":230,"caption":"Revalize"},"image":{"@id":"https:\/\/pro-file.com\/de\/#\/schema\/logo\/image\/"},"sameAs":["https:\/\/www.facebook.com\/revalize\/","https:\/\/x.com\/revalize","https:\/\/www.linkedin.com\/company\/revalize\/"]}]}},"_links":{"self":[{"href":"https:\/\/pro-file.com\/de\/wp-json\/wp\/v2\/pages\/160548","targetHints":{"allow":["GET"]}}],"collection":[{"href":"https:\/\/pro-file.com\/de\/wp-json\/wp\/v2\/pages"}],"about":[{"href":"https:\/\/pro-file.com\/de\/wp-json\/wp\/v2\/types\/page"}],"author":[{"embeddable":true,"href":"https:\/\/pro-file.com\/de\/wp-json\/wp\/v2\/users\/12"}],"replies":[{"embeddable":true,"href":"https:\/\/pro-file.com\/de\/wp-json\/wp\/v2\/comments?post=160548"}],"version-history":[{"count":0,"href":"https:\/\/pro-file.com\/de\/wp-json\/wp\/v2\/pages\/160548\/revisions"}],"wp:attachment":[{"href":"https:\/\/pro-file.com\/de\/wp-json\/wp\/v2\/media?parent=160548"}],"curies":[{"name":"wp","href":"https:\/\/api.w.org\/{rel}","templated":true}]}}