{"id":27654,"date":"2026-02-13T06:00:43","date_gmt":"2026-02-13T11:00:43","guid":{"rendered":"https:\/\/revalizesoftware.com\/new-pro-file\/pro-file\/pro-file-unternehmensinformationen\/"},"modified":"2026-03-31T07:47:19","modified_gmt":"2026-03-31T11:47:19","slug":"impressum","status":"publish","type":"page","link":"https:\/\/pro-file.com\/de\/impressum\/","title":{"rendered":"Impressum"},"content":{"rendered":"\t\t<div data-elementor-type=\"wp-page\" data-elementor-id=\"27654\" class=\"elementor elementor-27654 elementor-20766\" data-elementor-post-type=\"page\">\n\t\t\t\t<div class=\"elementor-element elementor-element-df5db46 e-flex e-con-boxed e-con e-parent\" data-id=\"df5db46\" data-element_type=\"container\" data-e-type=\"container\">\n\t\t\t\t\t<div class=\"e-con-inner\">\n\t\t\t\t<div class=\"elementor-element elementor-element-c8b68f1 elementor-widget elementor-widget-heading\" data-id=\"c8b68f1\" data-element_type=\"widget\" data-e-type=\"widget\" data-widget_type=\"heading.default\">\n\t\t\t\t<div class=\"elementor-widget-container\">\n\t\t\t\t\t<h1 class=\"elementor-heading-title elementor-size-default\">Impressum<\/h1>\t\t\t\t<\/div>\n\t\t\t\t<\/div>\n\t\t\t\t<div class=\"elementor-element elementor-element-9eede5b elementor-icon-list--layout-traditional elementor-list-item-link-full_width elementor-widget elementor-widget-icon-list\" data-id=\"9eede5b\" data-element_type=\"widget\" data-e-type=\"widget\" data-widget_type=\"icon-list.default\">\n\t\t\t\t<div class=\"elementor-widget-container\">\n\t\t\t\t\t\t\t<ul class=\"elementor-icon-list-items\">\n\t\t\t\t\t\t\t<li class=\"elementor-icon-list-item\">\n\t\t\t\t\t\t\t\t\t\t<span class=\"elementor-icon-list-text\"><b>PROCAD GmbH &amp; Co. KG<\/b><\/span>\n\t\t\t\t\t\t\t\t\t<\/li>\n\t\t\t\t\t\t\t\t<li class=\"elementor-icon-list-item\">\n\t\t\t\t\t\t\t\t\t\t<span class=\"elementor-icon-list-text\">Gesch\u00e4ftsf\u00fchrende Gesellschafterin: PROCAD Verwaltungs GmbH, eingetragen im Handelsregister des Amtsgerichts Mannheim unter HRB 106795, vertreten durch ihre Gesch\u00e4ftsf\u00fchrer Daniel G\u00f6\u00dfling und John Mills. <\/span>\n\t\t\t\t\t\t\t\t\t<\/li>\n\t\t\t\t\t\t\t\t<li class=\"elementor-icon-list-item\">\n\t\t\t\t\t\t\t\t\t\t<span class=\"elementor-icon-list-text\">Amtsgerichts Mannheim - HRA 104163.<\/span>\n\t\t\t\t\t\t\t\t\t<\/li>\n\t\t\t\t\t\t\t\t<li class=\"elementor-icon-list-item\">\n\t\t\t\t\t\t\t\t\t\t<span class=\"elementor-icon-list-text\">Umsatzsteuer-Identifikationsnummer: DE164688179 <\/span>\n\t\t\t\t\t\t\t\t\t<\/li>\n\t\t\t\t\t\t\t\t<li class=\"elementor-icon-list-item\">\n\t\t\t\t\t\t\t\t\t\t<span class=\"elementor-icon-list-text\">Adresse: Vincenz-Prie\u00dfnitz-Str. 3, D-76131 Karlsruhe, Deutschland<\/span>\n\t\t\t\t\t\t\t\t\t<\/li>\n\t\t\t\t\t\t\t\t<li class=\"elementor-icon-list-item\">\n\t\t\t\t\t\t\t\t\t\t<span class=\"elementor-icon-list-text\">Tel: +49 721 9656-5 <\/span>\n\t\t\t\t\t\t\t\t\t<\/li>\n\t\t\t\t\t\t\t\t<li class=\"elementor-icon-list-item\">\n\t\t\t\t\t\t\t\t\t\t<span class=\"elementor-icon-list-text\">Email: info@revalizesoftware.com<\/span>\n\t\t\t\t\t\t\t\t\t<\/li>\n\t\t\t\t\t\t<\/ul>\n\t\t\t\t\t\t<\/div>\n\t\t\t\t<\/div>\n\t\t\t\t\t<\/div>\n\t\t\t\t<\/div>\n\t\t\t\t<\/div>\n\t\t","protected":false},"excerpt":{"rendered":"<p>Impressum PROCAD GmbH &amp; Co. KG Gesch\u00e4ftsf\u00fchrende Gesellschafterin: PROCAD Verwaltungs GmbH, eingetragen im Handelsregister des Amtsgerichts Mannheim unter HRB 106795, vertreten durch ihre Gesch\u00e4ftsf\u00fchrer Daniel G\u00f6\u00dfling und John Mills. Amtsgerichts Mannheim &#8211; HRA 104163. Umsatzsteuer-Identifikationsnummer: DE164688179 Adresse: Vincenz-Prie\u00dfnitz-Str. 3, D-76131 Karlsruhe, Deutschland Tel: +49 721 9656-5 Email: info@revalizesoftware.com<\/p>\n","protected":false},"author":62,"featured_media":0,"parent":0,"menu_order":0,"comment_status":"closed","ping_status":"closed","template":"","meta":{"content-type":"","footnotes":""},"class_list":["post-27654","page","type-page","status-publish","hentry"],"yoast_head":"<!-- This site is optimized with the Yoast SEO Premium plugin v27.4 (Yoast SEO v27.4) - https:\/\/yoast.com\/product\/yoast-seo-premium-wordpress\/ -->\n<title>Impressum - PRO.FILE<\/title>\n<meta name=\"description\" content=\"Informieren Sie sich \u00fcber die Unternehmensinformationen der PRO.FILE AG, einschlie\u00dflich Adresse, Kontaktdaten und Registrierungsinformationen.\" \/>\n<meta name=\"robots\" content=\"index, follow, max-snippet:-1, max-image-preview:large, max-video-preview:-1\" \/>\n<link rel=\"canonical\" href=\"https:\/\/pro-file.com\/de\/impressum\/\" \/>\n<meta property=\"og:locale\" content=\"de_DE\" \/>\n<meta property=\"og:type\" content=\"article\" \/>\n<meta property=\"og:title\" content=\"Impressum\" \/>\n<meta property=\"og:description\" content=\"Informieren Sie sich \u00fcber die Unternehmensinformationen der PRO.FILE AG, einschlie\u00dflich Adresse, Kontaktdaten und Registrierungsinformationen.\" \/>\n<meta property=\"og:url\" content=\"https:\/\/pro-file.com\/de\/impressum\/\" \/>\n<meta property=\"og:site_name\" content=\"PRO.FILE\" \/>\n<meta property=\"article:publisher\" content=\"https:\/\/www.facebook.com\/revalize\/\" \/>\n<meta property=\"article:modified_time\" content=\"2026-03-31T11:47:19+00:00\" \/>\n<meta name=\"twitter:card\" content=\"summary_large_image\" \/>\n<meta name=\"twitter:site\" content=\"@revalize\" \/>\n<meta name=\"twitter:label1\" content=\"Gesch\u00e4tzte Lesezeit\" \/>\n\t<meta name=\"twitter:data1\" content=\"1\u00a0Minute\" \/>\n<script type=\"application\/ld+json\" class=\"yoast-schema-graph\">{\"@context\":\"https:\\\/\\\/schema.org\",\"@graph\":[{\"@type\":\"WebPage\",\"@id\":\"https:\\\/\\\/pro-file.com\\\/de\\\/impressum\\\/\",\"url\":\"https:\\\/\\\/pro-file.com\\\/de\\\/impressum\\\/\",\"name\":\"Impressum - PRO.FILE\",\"isPartOf\":{\"@id\":\"https:\\\/\\\/pro-file.com\\\/de\\\/#website\"},\"datePublished\":\"2026-02-13T11:00:43+00:00\",\"dateModified\":\"2026-03-31T11:47:19+00:00\",\"description\":\"Informieren Sie sich \u00fcber die Unternehmensinformationen der PRO.FILE AG, einschlie\u00dflich Adresse, Kontaktdaten und Registrierungsinformationen.\",\"breadcrumb\":{\"@id\":\"https:\\\/\\\/pro-file.com\\\/de\\\/impressum\\\/#breadcrumb\"},\"inLanguage\":\"de\",\"potentialAction\":[{\"@type\":\"ReadAction\",\"target\":[\"https:\\\/\\\/pro-file.com\\\/de\\\/impressum\\\/\"]}]},{\"@type\":\"BreadcrumbList\",\"@id\":\"https:\\\/\\\/pro-file.com\\\/de\\\/impressum\\\/#breadcrumb\",\"itemListElement\":[{\"@type\":\"ListItem\",\"position\":1,\"name\":\"Home\",\"item\":\"https:\\\/\\\/pro-file.com\\\/de\\\/pro-file\\\/\"},{\"@type\":\"ListItem\",\"position\":2,\"name\":\"Impressum\"}]},{\"@type\":\"WebSite\",\"@id\":\"https:\\\/\\\/pro-file.com\\\/de\\\/#website\",\"url\":\"https:\\\/\\\/pro-file.com\\\/de\\\/\",\"name\":\"Revalize\",\"description\":\"Great Starts with Revalize\",\"publisher\":{\"@id\":\"https:\\\/\\\/pro-file.com\\\/de\\\/#organization\"},\"potentialAction\":[{\"@type\":\"SearchAction\",\"target\":{\"@type\":\"EntryPoint\",\"urlTemplate\":\"https:\\\/\\\/pro-file.com\\\/de\\\/?s={search_term_string}\"},\"query-input\":{\"@type\":\"PropertyValueSpecification\",\"valueRequired\":true,\"valueName\":\"search_term_string\"}}],\"inLanguage\":\"de\"},{\"@type\":\"Organization\",\"@id\":\"https:\\\/\\\/pro-file.com\\\/de\\\/#organization\",\"name\":\"Revalize\",\"url\":\"https:\\\/\\\/pro-file.com\\\/de\\\/\",\"logo\":{\"@type\":\"ImageObject\",\"inLanguage\":\"de\",\"@id\":\"https:\\\/\\\/pro-file.com\\\/de\\\/#\\\/schema\\\/logo\\\/image\\\/\",\"url\":\"https:\\\/\\\/pro-file.com\\\/wp-content\\\/uploads\\\/sites\\\/16\\\/2026\\\/03\\\/PRO.FILE-From-Revalize-logo.png\",\"contentUrl\":\"https:\\\/\\\/pro-file.com\\\/wp-content\\\/uploads\\\/sites\\\/16\\\/2026\\\/03\\\/PRO.FILE-From-Revalize-logo.png\",\"width\":640,\"height\":230,\"caption\":\"Revalize\"},\"image\":{\"@id\":\"https:\\\/\\\/pro-file.com\\\/de\\\/#\\\/schema\\\/logo\\\/image\\\/\"},\"sameAs\":[\"https:\\\/\\\/www.facebook.com\\\/revalize\\\/\",\"https:\\\/\\\/x.com\\\/revalize\",\"https:\\\/\\\/www.linkedin.com\\\/company\\\/revalize\\\/\"]}]}<\/script>\n<!-- \/ Yoast SEO Premium plugin. -->","yoast_head_json":{"title":"Impressum - PRO.FILE","description":"Informieren Sie sich \u00fcber die Unternehmensinformationen der PRO.FILE AG, einschlie\u00dflich Adresse, Kontaktdaten und Registrierungsinformationen.","robots":{"index":"index","follow":"follow","max-snippet":"max-snippet:-1","max-image-preview":"max-image-preview:large","max-video-preview":"max-video-preview:-1"},"canonical":"https:\/\/pro-file.com\/de\/impressum\/","og_locale":"de_DE","og_type":"article","og_title":"Impressum","og_description":"Informieren Sie sich \u00fcber die Unternehmensinformationen der PRO.FILE AG, einschlie\u00dflich Adresse, Kontaktdaten und Registrierungsinformationen.","og_url":"https:\/\/pro-file.com\/de\/impressum\/","og_site_name":"PRO.FILE","article_publisher":"https:\/\/www.facebook.com\/revalize\/","article_modified_time":"2026-03-31T11:47:19+00:00","twitter_card":"summary_large_image","twitter_site":"@revalize","twitter_misc":{"Gesch\u00e4tzte Lesezeit":"1\u00a0Minute"},"schema":{"@context":"https:\/\/schema.org","@graph":[{"@type":"WebPage","@id":"https:\/\/pro-file.com\/de\/impressum\/","url":"https:\/\/pro-file.com\/de\/impressum\/","name":"Impressum - PRO.FILE","isPartOf":{"@id":"https:\/\/pro-file.com\/de\/#website"},"datePublished":"2026-02-13T11:00:43+00:00","dateModified":"2026-03-31T11:47:19+00:00","description":"Informieren Sie sich \u00fcber die Unternehmensinformationen der PRO.FILE AG, einschlie\u00dflich Adresse, Kontaktdaten und Registrierungsinformationen.","breadcrumb":{"@id":"https:\/\/pro-file.com\/de\/impressum\/#breadcrumb"},"inLanguage":"de","potentialAction":[{"@type":"ReadAction","target":["https:\/\/pro-file.com\/de\/impressum\/"]}]},{"@type":"BreadcrumbList","@id":"https:\/\/pro-file.com\/de\/impressum\/#breadcrumb","itemListElement":[{"@type":"ListItem","position":1,"name":"Home","item":"https:\/\/pro-file.com\/de\/pro-file\/"},{"@type":"ListItem","position":2,"name":"Impressum"}]},{"@type":"WebSite","@id":"https:\/\/pro-file.com\/de\/#website","url":"https:\/\/pro-file.com\/de\/","name":"Revalize","description":"Great Starts with Revalize","publisher":{"@id":"https:\/\/pro-file.com\/de\/#organization"},"potentialAction":[{"@type":"SearchAction","target":{"@type":"EntryPoint","urlTemplate":"https:\/\/pro-file.com\/de\/?s={search_term_string}"},"query-input":{"@type":"PropertyValueSpecification","valueRequired":true,"valueName":"search_term_string"}}],"inLanguage":"de"},{"@type":"Organization","@id":"https:\/\/pro-file.com\/de\/#organization","name":"Revalize","url":"https:\/\/pro-file.com\/de\/","logo":{"@type":"ImageObject","inLanguage":"de","@id":"https:\/\/pro-file.com\/de\/#\/schema\/logo\/image\/","url":"https:\/\/pro-file.com\/wp-content\/uploads\/sites\/16\/2026\/03\/PRO.FILE-From-Revalize-logo.png","contentUrl":"https:\/\/pro-file.com\/wp-content\/uploads\/sites\/16\/2026\/03\/PRO.FILE-From-Revalize-logo.png","width":640,"height":230,"caption":"Revalize"},"image":{"@id":"https:\/\/pro-file.com\/de\/#\/schema\/logo\/image\/"},"sameAs":["https:\/\/www.facebook.com\/revalize\/","https:\/\/x.com\/revalize","https:\/\/www.linkedin.com\/company\/revalize\/"]}]}},"_links":{"self":[{"href":"https:\/\/pro-file.com\/de\/wp-json\/wp\/v2\/pages\/27654","targetHints":{"allow":["GET"]}}],"collection":[{"href":"https:\/\/pro-file.com\/de\/wp-json\/wp\/v2\/pages"}],"about":[{"href":"https:\/\/pro-file.com\/de\/wp-json\/wp\/v2\/types\/page"}],"author":[{"embeddable":true,"href":"https:\/\/pro-file.com\/de\/wp-json\/wp\/v2\/users\/62"}],"replies":[{"embeddable":true,"href":"https:\/\/pro-file.com\/de\/wp-json\/wp\/v2\/comments?post=27654"}],"version-history":[{"count":0,"href":"https:\/\/pro-file.com\/de\/wp-json\/wp\/v2\/pages\/27654\/revisions"}],"wp:attachment":[{"href":"https:\/\/pro-file.com\/de\/wp-json\/wp\/v2\/media?parent=27654"}],"curies":[{"name":"wp","href":"https:\/\/api.w.org\/{rel}","templated":true}]}}