{"id":27656,"date":"2026-02-13T06:00:52","date_gmt":"2026-02-13T11:00:52","guid":{"rendered":"https:\/\/revalizesoftware.com\/new-pro-file\/pro-file\/pro-file-haftungsausschluss\/"},"modified":"2026-04-16T11:17:43","modified_gmt":"2026-04-16T15:17:43","slug":"haftungsausschluss","status":"publish","type":"page","link":"https:\/\/pro-file.com\/de\/haftungsausschluss\/","title":{"rendered":"Haftungsausschluss"},"content":{"rendered":"\t\t<div data-elementor-type=\"wp-page\" data-elementor-id=\"27656\" class=\"elementor elementor-27656 elementor-20768\" data-elementor-post-type=\"page\">\n\t\t\t\t<div class=\"elementor-element elementor-element-3774589 e-flex e-con-boxed e-con e-parent\" data-id=\"3774589\" data-element_type=\"container\" data-e-type=\"container\">\n\t\t\t\t\t<div class=\"e-con-inner\">\n\t\t\t\t<div class=\"elementor-element elementor-element-da4d06f elementor-widget elementor-widget-heading\" data-id=\"da4d06f\" data-element_type=\"widget\" data-e-type=\"widget\" data-widget_type=\"heading.default\">\n\t\t\t\t<div class=\"elementor-widget-container\">\n\t\t\t\t\t<h2 class=\"elementor-heading-title elementor-size-default\">Disclaimer<\/h2>\t\t\t\t<\/div>\n\t\t\t\t<\/div>\n\t\t\t\t\t<\/div>\n\t\t\t\t<\/div>\n\t\t<div class=\"elementor-element elementor-element-df5db46 e-flex e-con-boxed e-con e-parent\" data-id=\"df5db46\" data-element_type=\"container\" data-e-type=\"container\">\n\t\t\t\t\t<div class=\"e-con-inner\">\n\t\t\t\t<div class=\"elementor-element elementor-element-9fb6b46 elementor-widget elementor-widget-heading\" data-id=\"9fb6b46\" data-element_type=\"widget\" data-e-type=\"widget\" data-widget_type=\"heading.default\">\n\t\t\t\t<div class=\"elementor-widget-container\">\n\t\t\t\t\t<h2 class=\"elementor-heading-title elementor-size-default\">1. Inhalt des Online-Angebots<\/h2>\t\t\t\t<\/div>\n\t\t\t\t<\/div>\n\t\t\t\t<div class=\"elementor-element elementor-element-2892ef9 elementor-widget elementor-widget-text-editor\" data-id=\"2892ef9\" data-element_type=\"widget\" data-e-type=\"widget\" data-widget_type=\"text-editor.default\">\n\t\t\t\t<div class=\"elementor-widget-container\">\n\t\t\t\t\t\t\t\t\t<p>Die PROCAD GmbH &amp; Co. KG (im Folgenden PROCAD genannt) \u00fcbernimmt keinerlei Gew\u00e4hr f\u00fcr die Aktualit\u00e4t, Korrektheit, Vollst\u00e4ndigkeit oder Qualit\u00e4t der bereitgestellten Informationen. Haftungsanspr\u00fcche gegen PROCAD, welche sich auf Sch\u00e4den materieller oder ideeller Art beziehen, die durch die Nutzung oder Nichtnutzung der dargebotenen Informationen bzw. durch die Nutzung fehlerhafter und unvollst\u00e4ndiger Informationen verursacht wurden, sind grunds\u00e4tzlich ausgeschlossen, sofern seitens PROCAD kein nachweislich vors\u00e4tzliches oder grob fahrl\u00e4ssiges Verschulden vorliegt. Alle Angebote sind freibleibend und unverbindlich.<\/p><p>PROCAD beh\u00e4lt es sich ausdr\u00fccklich vor, Teile der Seiten oder das gesamte Angebot ohne gesonderte Ank\u00fcndigung zu ver\u00e4ndern, zu erg\u00e4nzen, zu l\u00f6schen oder die Ver\u00f6ffentlichung zeitweise oder endg\u00fcltig einzustellen.<\/p>\t\t\t\t\t\t\t\t<\/div>\n\t\t\t\t<\/div>\n\t\t\t\t<div class=\"elementor-element elementor-element-dc1fc3b elementor-widget elementor-widget-heading\" data-id=\"dc1fc3b\" data-element_type=\"widget\" data-e-type=\"widget\" data-widget_type=\"heading.default\">\n\t\t\t\t<div class=\"elementor-widget-container\">\n\t\t\t\t\t<h2 class=\"elementor-heading-title elementor-size-default\">2. Referenzen und Links<\/h2>\t\t\t\t<\/div>\n\t\t\t\t<\/div>\n\t\t\t\t<div class=\"elementor-element elementor-element-21d3c8d elementor-widget elementor-widget-text-editor\" data-id=\"21d3c8d\" data-element_type=\"widget\" data-e-type=\"widget\" data-widget_type=\"text-editor.default\">\n\t\t\t\t<div class=\"elementor-widget-container\">\n\t\t\t\t\t\t\t\t\t<p>Bei direkten oder indirekten Verweisen auf fremde Internetseiten (Links), die au\u00dferhalb des Verantwortungsbereiches von PROCAD liegen, w\u00fcrde eine Haftungsverpflichtung ausschlie\u00dflich in dem Fall in Kraft treten, in dem PROCAD von den Inhalten Kenntnis hat und es ihr technisch m\u00f6glich und zumutbar w\u00e4re, die Nutzung im Falle rechtswidriger Inhalte zu verhindern. PROCAD erkl\u00e4rt hiermit ausdr\u00fccklich, dass zum Zeitpunkt der Linksetzung keine illegalen Inhalte auf den zu verlinkenden Seiten erkennbar waren. Auf die aktuelle und zuk\u00fcnftige Gestaltung, die Inhalte oder die Urheberschaft der verlinkten\/verkn\u00fcpften Seiten hat PROCAD keinerlei Einfluss. Diese Feststellung gilt f\u00fcr alle innerhalb des eigenen Internetangebotes gesetzten Links und Verweise sowie f\u00fcr Fremdeintr\u00e4ge in von PROCAD eingerichteten G\u00e4steb\u00fcchern, Diskussionsforen und Mailinglisten.<\/p><p>F\u00fcr illegale, fehlerhafte oder unvollst\u00e4ndige Inhalte und insbesondere f\u00fcr Sch\u00e4den, die aus der Nutzung oder Nichtnutzung solcherart dargebotener Informationen entstehen, haftet allein der Anbieter der Seite, auf welche verwiesen wurde, nicht derjenige, der \u00fcber Links auf die jeweilige Ver\u00f6ffentlichung lediglich verweist.<\/p>\t\t\t\t\t\t\t\t<\/div>\n\t\t\t\t<\/div>\n\t\t\t\t<div class=\"elementor-element elementor-element-4c53c42 elementor-widget elementor-widget-heading\" data-id=\"4c53c42\" data-element_type=\"widget\" data-e-type=\"widget\" data-widget_type=\"heading.default\">\n\t\t\t\t<div class=\"elementor-widget-container\">\n\t\t\t\t\t<h2 class=\"elementor-heading-title elementor-size-default\">3. Datenschutz<\/h2>\t\t\t\t<\/div>\n\t\t\t\t<\/div>\n\t\t\t\t<div class=\"elementor-element elementor-element-d81fdc7 elementor-widget elementor-widget-text-editor\" data-id=\"d81fdc7\" data-element_type=\"widget\" data-e-type=\"widget\" data-widget_type=\"text-editor.default\">\n\t\t\t\t<div class=\"elementor-widget-container\">\n\t\t\t\t\t\t\t\t\t<p>PROCAD legt gro\u00dfen Wert auf den Schutz Ihrer individuellen Pers\u00f6nlichkeitsrechte. Die Erhebung, Verarbeitung und Nutzung der von PROCAD zur Verf\u00fcgung gestellten Daten der einzelnen Nutzer unterliegt stets den geltenden Gesetzen.<\/p><p>Personenbezogene Daten im Sinne des Bundesdatenschutzgesetzes (BDSG) sind Einzelangaben \u00fcber pers\u00f6nliche und sachliche Verh\u00e4ltnisse einer bestimmten oder bestimmbaren nat\u00fcrlichen Person. Neben Name, Adresse, Geburtsdatum, Berufs- und Bankdaten kann es sich dabei auch um andere Informationen handeln, z. B. \u00fcber die Gesundheit oder das Einkommen. Alle diese Daten unterliegen einem besonderen Schutz gem\u00e4\u00df BDSG, der von PROCAD durch technische und organisatorische Ma\u00dfnahmen sichergestellt wird. Die Speicherung der Daten erfolgt auf besonders gesch\u00fctzten Computern. Das Auslesen und Verarbeiten der Daten erfolgt ausschlie\u00dflich zu dem Zweck, f\u00fcr den der Nutzer PROCAD diese Daten zur Verf\u00fcgung gestellt hat. Gem\u00e4\u00df \u00a7 34 und \u00a7 6b BDSG hat der Nutzer ein Recht auf unentgeltliche Auskunft \u00fcber diese Daten sowie gem\u00e4\u00df \u00a7 35 BDSG ein Recht auf L\u00f6schung und Sperrung unzul\u00e4ssiger Daten bzw. Berichtigung unrichtiger Daten. In all diesen F\u00e4llen wenden sich die Benutzer direkt an PROCAD.<\/p><p>Sofern innerhalb des Internetangebotes die M\u00f6glichkeit zur Eingabe pers\u00f6nlicher oder gesch\u00e4ftlicher Daten (E-Mail-Adressen, Namen, Anschriften) besteht, so erfolgt die Preisgabe dieser Daten seitens des Nutzers auf ausdr\u00fccklich freiwilliger Basis. Die Inanspruchnahme und Bezahlung aller angebotenen Dienste ist &#8211; soweit technisch m\u00f6glich und zumutbar &#8211; auch ohne Angabe solcher Daten bzw. unter Angabe anonymisierter Daten oder eines Pseudonyms gestattet.<\/p><p>Diese Erkl\u00e4rung zum Datenschutz gilt nur f\u00fcr diese Website. Sie gilt nicht f\u00fcr Websites, die mit dieser Website verlinkt sind.<\/p>\t\t\t\t\t\t\t\t<\/div>\n\t\t\t\t<\/div>\n\t\t\t\t<div class=\"elementor-element elementor-element-64ca38f elementor-widget elementor-widget-heading\" data-id=\"64ca38f\" data-element_type=\"widget\" data-e-type=\"widget\" data-widget_type=\"heading.default\">\n\t\t\t\t<div class=\"elementor-widget-container\">\n\t\t\t\t\t<h3 class=\"elementor-heading-title elementor-size-default\">Einhaltung der SalesViewer Technologie:<\/h3>\t\t\t\t<\/div>\n\t\t\t\t<\/div>\n\t\t\t\t<div class=\"elementor-element elementor-element-3b4320f elementor-widget elementor-widget-text-editor\" data-id=\"3b4320f\" data-element_type=\"widget\" data-e-type=\"widget\" data-widget_type=\"text-editor.default\">\n\t\t\t\t<div class=\"elementor-widget-container\">\n\t\t\t\t\t\t\t\t\t<p>Wir haben die SalesViewer\u00ae-Technologie von CONCEPTPARTNER\u00ae implementiert, um Daten f\u00fcr Forschungs-, Marketing- und Optimierungszwecke zu sammeln und zu speichern. Diese Daten erm\u00f6glichen die Erstellung von Benutzerprofilen unter fiktiven Namen. Tracking-Skripte werden eingesetzt, um einfache Unternehmensinformationen zu generieren. Diese Informationen k\u00f6nnen weder dazu verwendet werden, einen Besucher der Website ohne seine ausdr\u00fcckliche Zustimmung pers\u00f6nlich zu identifizieren, noch k\u00f6nnen pers\u00f6nliche Informationen mit seinem fiktiven Namen in Verbindung gebracht werden.<\/p><p>Die Generierung und Speicherung von Informationen kann jederzeit f\u00fcr die Zukunft verweigert werden, indem Sie sich einfach bei https:\/\/www.salesviewer.com\/opt-out anmelden. Auf diese Weise wird ein Opt-Out-Cookie f\u00fcr diese spezielle Website auf Ihrem Ger\u00e4t implementiert. Wenn Sie die Cookies in diesem Browser l\u00f6schen, m\u00fcssen Sie erneut auf den obigen Link klicken.<\/p>\t\t\t\t\t\t\t\t<\/div>\n\t\t\t\t<\/div>\n\t\t\t\t<div class=\"elementor-element elementor-element-e46cb11 elementor-widget elementor-widget-heading\" data-id=\"e46cb11\" data-element_type=\"widget\" data-e-type=\"widget\" data-widget_type=\"heading.default\">\n\t\t\t\t<div class=\"elementor-widget-container\">\n\t\t\t\t\t<h2 class=\"elementor-heading-title elementor-size-default\">4. Rechtswirksamkeit dieses Haftungsausschlusses<\/h2>\t\t\t\t<\/div>\n\t\t\t\t<\/div>\n\t\t\t\t<div class=\"elementor-element elementor-element-190932e elementor-widget elementor-widget-text-editor\" data-id=\"190932e\" data-element_type=\"widget\" data-e-type=\"widget\" data-widget_type=\"text-editor.default\">\n\t\t\t\t<div class=\"elementor-widget-container\">\n\t\t\t\t\t\t\t\t\tDieser Haftungsausschluss ist als Teil des Internetangebotes zu betrachten, von dem aus auf diese Seite verwiesen wurde. Sofern Teile oder einzelne Formulierungen dieses Textes der geltenden Rechtslage nicht, nicht mehr oder nicht vollst\u00e4ndig entsprechen sollten, bleiben die \u00fcbrigen Teile des Dokumentes in ihrem Inhalt und ihrer G\u00fcltigkeit davon unber\u00fchrt.\n\t\t\t\t\t\t\t\t<\/div>\n\t\t\t\t<\/div>\n\t\t\t\t\t<\/div>\n\t\t\t\t<\/div>\n\t\t\t\t<\/div>\n\t\t","protected":false},"excerpt":{"rendered":"<p>Disclaimer 1. Inhalt des Online-Angebots Die PROCAD GmbH &amp; Co. KG (im Folgenden PROCAD genannt) \u00fcbernimmt keinerlei Gew\u00e4hr f\u00fcr die Aktualit\u00e4t, Korrektheit, Vollst\u00e4ndigkeit oder Qualit\u00e4t der bereitgestellten Informationen. Haftungsanspr\u00fcche gegen PROCAD, welche sich auf Sch\u00e4den materieller oder ideeller Art beziehen, die durch die Nutzung oder Nichtnutzung der dargebotenen Informationen bzw. durch die Nutzung fehlerhafter und [&hellip;]<\/p>\n","protected":false},"author":62,"featured_media":0,"parent":0,"menu_order":0,"comment_status":"closed","ping_status":"closed","template":"","meta":{"content-type":"","footnotes":""},"class_list":["post-27656","page","type-page","status-publish","hentry"],"yoast_head":"<!-- This site is optimized with the Yoast SEO Premium plugin v27.4 (Yoast SEO v27.4) - https:\/\/yoast.com\/product\/yoast-seo-premium-wordpress\/ -->\n<title>Haftungsausschluss - PRO.FILE<\/title>\n<meta name=\"description\" content=\"Verstehen Sie den pro.file-Haftungsausschluss: PROCAD \u00fcbernimmt keine Haftung f\u00fcr die Richtigkeit und Vollst\u00e4ndigkeit der bereitgestellten Informationen.\" \/>\n<meta name=\"robots\" content=\"index, follow, max-snippet:-1, max-image-preview:large, max-video-preview:-1\" \/>\n<link rel=\"canonical\" href=\"https:\/\/pro-file.com\/de\/haftungsausschluss\/\" \/>\n<meta property=\"og:locale\" content=\"de_DE\" \/>\n<meta property=\"og:type\" content=\"article\" \/>\n<meta property=\"og:title\" content=\"Haftungsausschluss\" \/>\n<meta property=\"og:description\" content=\"Verstehen Sie den pro.file-Haftungsausschluss: PROCAD \u00fcbernimmt keine Haftung f\u00fcr die Richtigkeit und Vollst\u00e4ndigkeit der bereitgestellten Informationen.\" \/>\n<meta property=\"og:url\" content=\"https:\/\/pro-file.com\/de\/haftungsausschluss\/\" \/>\n<meta property=\"og:site_name\" content=\"PRO.FILE\" \/>\n<meta property=\"article:publisher\" content=\"https:\/\/www.facebook.com\/revalize\/\" \/>\n<meta property=\"article:modified_time\" content=\"2026-04-16T15:17:43+00:00\" \/>\n<meta name=\"twitter:card\" content=\"summary_large_image\" \/>\n<meta name=\"twitter:site\" content=\"@revalize\" \/>\n<meta name=\"twitter:label1\" content=\"Gesch\u00e4tzte Lesezeit\" \/>\n\t<meta name=\"twitter:data1\" content=\"4\u00a0Minuten\" \/>\n<script type=\"application\/ld+json\" class=\"yoast-schema-graph\">{\"@context\":\"https:\\\/\\\/schema.org\",\"@graph\":[{\"@type\":\"WebPage\",\"@id\":\"https:\\\/\\\/pro-file.com\\\/de\\\/haftungsausschluss\\\/\",\"url\":\"https:\\\/\\\/pro-file.com\\\/de\\\/haftungsausschluss\\\/\",\"name\":\"Haftungsausschluss - PRO.FILE\",\"isPartOf\":{\"@id\":\"https:\\\/\\\/pro-file.com\\\/de\\\/#website\"},\"datePublished\":\"2026-02-13T11:00:52+00:00\",\"dateModified\":\"2026-04-16T15:17:43+00:00\",\"description\":\"Verstehen Sie den pro.file-Haftungsausschluss: PROCAD \u00fcbernimmt keine Haftung f\u00fcr die Richtigkeit und Vollst\u00e4ndigkeit der bereitgestellten Informationen.\",\"breadcrumb\":{\"@id\":\"https:\\\/\\\/pro-file.com\\\/de\\\/haftungsausschluss\\\/#breadcrumb\"},\"inLanguage\":\"de\",\"potentialAction\":[{\"@type\":\"ReadAction\",\"target\":[\"https:\\\/\\\/pro-file.com\\\/de\\\/haftungsausschluss\\\/\"]}]},{\"@type\":\"BreadcrumbList\",\"@id\":\"https:\\\/\\\/pro-file.com\\\/de\\\/haftungsausschluss\\\/#breadcrumb\",\"itemListElement\":[{\"@type\":\"ListItem\",\"position\":1,\"name\":\"Home\",\"item\":\"https:\\\/\\\/pro-file.com\\\/de\\\/pro-file\\\/\"},{\"@type\":\"ListItem\",\"position\":2,\"name\":\"Haftungsausschluss\"}]},{\"@type\":\"WebSite\",\"@id\":\"https:\\\/\\\/pro-file.com\\\/de\\\/#website\",\"url\":\"https:\\\/\\\/pro-file.com\\\/de\\\/\",\"name\":\"Revalize\",\"description\":\"Great Starts with Revalize\",\"publisher\":{\"@id\":\"https:\\\/\\\/pro-file.com\\\/de\\\/#organization\"},\"potentialAction\":[{\"@type\":\"SearchAction\",\"target\":{\"@type\":\"EntryPoint\",\"urlTemplate\":\"https:\\\/\\\/pro-file.com\\\/de\\\/?s={search_term_string}\"},\"query-input\":{\"@type\":\"PropertyValueSpecification\",\"valueRequired\":true,\"valueName\":\"search_term_string\"}}],\"inLanguage\":\"de\"},{\"@type\":\"Organization\",\"@id\":\"https:\\\/\\\/pro-file.com\\\/de\\\/#organization\",\"name\":\"Revalize\",\"url\":\"https:\\\/\\\/pro-file.com\\\/de\\\/\",\"logo\":{\"@type\":\"ImageObject\",\"inLanguage\":\"de\",\"@id\":\"https:\\\/\\\/pro-file.com\\\/de\\\/#\\\/schema\\\/logo\\\/image\\\/\",\"url\":\"https:\\\/\\\/pro-file.com\\\/wp-content\\\/uploads\\\/sites\\\/16\\\/2026\\\/03\\\/PRO.FILE-From-Revalize-logo.png\",\"contentUrl\":\"https:\\\/\\\/pro-file.com\\\/wp-content\\\/uploads\\\/sites\\\/16\\\/2026\\\/03\\\/PRO.FILE-From-Revalize-logo.png\",\"width\":640,\"height\":230,\"caption\":\"Revalize\"},\"image\":{\"@id\":\"https:\\\/\\\/pro-file.com\\\/de\\\/#\\\/schema\\\/logo\\\/image\\\/\"},\"sameAs\":[\"https:\\\/\\\/www.facebook.com\\\/revalize\\\/\",\"https:\\\/\\\/x.com\\\/revalize\",\"https:\\\/\\\/www.linkedin.com\\\/company\\\/revalize\\\/\"]}]}<\/script>\n<!-- \/ Yoast SEO Premium plugin. -->","yoast_head_json":{"title":"Haftungsausschluss - PRO.FILE","description":"Verstehen Sie den pro.file-Haftungsausschluss: PROCAD \u00fcbernimmt keine Haftung f\u00fcr die Richtigkeit und Vollst\u00e4ndigkeit der bereitgestellten Informationen.","robots":{"index":"index","follow":"follow","max-snippet":"max-snippet:-1","max-image-preview":"max-image-preview:large","max-video-preview":"max-video-preview:-1"},"canonical":"https:\/\/pro-file.com\/de\/haftungsausschluss\/","og_locale":"de_DE","og_type":"article","og_title":"Haftungsausschluss","og_description":"Verstehen Sie den pro.file-Haftungsausschluss: PROCAD \u00fcbernimmt keine Haftung f\u00fcr die Richtigkeit und Vollst\u00e4ndigkeit der bereitgestellten Informationen.","og_url":"https:\/\/pro-file.com\/de\/haftungsausschluss\/","og_site_name":"PRO.FILE","article_publisher":"https:\/\/www.facebook.com\/revalize\/","article_modified_time":"2026-04-16T15:17:43+00:00","twitter_card":"summary_large_image","twitter_site":"@revalize","twitter_misc":{"Gesch\u00e4tzte Lesezeit":"4\u00a0Minuten"},"schema":{"@context":"https:\/\/schema.org","@graph":[{"@type":"WebPage","@id":"https:\/\/pro-file.com\/de\/haftungsausschluss\/","url":"https:\/\/pro-file.com\/de\/haftungsausschluss\/","name":"Haftungsausschluss - PRO.FILE","isPartOf":{"@id":"https:\/\/pro-file.com\/de\/#website"},"datePublished":"2026-02-13T11:00:52+00:00","dateModified":"2026-04-16T15:17:43+00:00","description":"Verstehen Sie den pro.file-Haftungsausschluss: PROCAD \u00fcbernimmt keine Haftung f\u00fcr die Richtigkeit und Vollst\u00e4ndigkeit der bereitgestellten Informationen.","breadcrumb":{"@id":"https:\/\/pro-file.com\/de\/haftungsausschluss\/#breadcrumb"},"inLanguage":"de","potentialAction":[{"@type":"ReadAction","target":["https:\/\/pro-file.com\/de\/haftungsausschluss\/"]}]},{"@type":"BreadcrumbList","@id":"https:\/\/pro-file.com\/de\/haftungsausschluss\/#breadcrumb","itemListElement":[{"@type":"ListItem","position":1,"name":"Home","item":"https:\/\/pro-file.com\/de\/pro-file\/"},{"@type":"ListItem","position":2,"name":"Haftungsausschluss"}]},{"@type":"WebSite","@id":"https:\/\/pro-file.com\/de\/#website","url":"https:\/\/pro-file.com\/de\/","name":"Revalize","description":"Great Starts with Revalize","publisher":{"@id":"https:\/\/pro-file.com\/de\/#organization"},"potentialAction":[{"@type":"SearchAction","target":{"@type":"EntryPoint","urlTemplate":"https:\/\/pro-file.com\/de\/?s={search_term_string}"},"query-input":{"@type":"PropertyValueSpecification","valueRequired":true,"valueName":"search_term_string"}}],"inLanguage":"de"},{"@type":"Organization","@id":"https:\/\/pro-file.com\/de\/#organization","name":"Revalize","url":"https:\/\/pro-file.com\/de\/","logo":{"@type":"ImageObject","inLanguage":"de","@id":"https:\/\/pro-file.com\/de\/#\/schema\/logo\/image\/","url":"https:\/\/pro-file.com\/wp-content\/uploads\/sites\/16\/2026\/03\/PRO.FILE-From-Revalize-logo.png","contentUrl":"https:\/\/pro-file.com\/wp-content\/uploads\/sites\/16\/2026\/03\/PRO.FILE-From-Revalize-logo.png","width":640,"height":230,"caption":"Revalize"},"image":{"@id":"https:\/\/pro-file.com\/de\/#\/schema\/logo\/image\/"},"sameAs":["https:\/\/www.facebook.com\/revalize\/","https:\/\/x.com\/revalize","https:\/\/www.linkedin.com\/company\/revalize\/"]}]}},"_links":{"self":[{"href":"https:\/\/pro-file.com\/de\/wp-json\/wp\/v2\/pages\/27656","targetHints":{"allow":["GET"]}}],"collection":[{"href":"https:\/\/pro-file.com\/de\/wp-json\/wp\/v2\/pages"}],"about":[{"href":"https:\/\/pro-file.com\/de\/wp-json\/wp\/v2\/types\/page"}],"author":[{"embeddable":true,"href":"https:\/\/pro-file.com\/de\/wp-json\/wp\/v2\/users\/62"}],"replies":[{"embeddable":true,"href":"https:\/\/pro-file.com\/de\/wp-json\/wp\/v2\/comments?post=27656"}],"version-history":[{"count":1,"href":"https:\/\/pro-file.com\/de\/wp-json\/wp\/v2\/pages\/27656\/revisions"}],"predecessor-version":[{"id":161496,"href":"https:\/\/pro-file.com\/de\/wp-json\/wp\/v2\/pages\/27656\/revisions\/161496"}],"wp:attachment":[{"href":"https:\/\/pro-file.com\/de\/wp-json\/wp\/v2\/media?parent=27656"}],"curies":[{"name":"wp","href":"https:\/\/api.w.org\/{rel}","templated":true}]}}